{"id":391,"date":"2020-07-16T03:28:45","date_gmt":"2020-07-16T08:28:45","guid":{"rendered":"https:\/\/2020.colombia.wordcamp.org\/?page_id=391"},"modified":"2020-07-24T09:46:41","modified_gmt":"2020-07-24T14:46:41","slug":"noticias","status":"publish","type":"page","link":"https:\/\/colombia.wordcamp.org\/2020\/noticias\/","title":{"rendered":"Noticias"},"content":{"rendered":"\n<h1 class=\"has-text-align-center wp-block-heading\">\u00daltimas Noticias<\/h1>\n\n\n<ul class=\"wp-block-latest-posts__list lates-posts wp-block-latest-posts\"><li><div class=\"wp-block-latest-posts__featured-image\"><img loading=\"lazy\" decoding=\"async\" width=\"640\" height=\"426\" src=\"https:\/\/i0.wp.com\/colombia.wordcamp.org\/2020\/files\/2020\/09\/Agenda-Personalizada-WCCO-2020.png?fit=640%2C426&amp;ssl=1\" class=\"attachment-large size-large wp-post-image\" alt=\"agenda personalizada WCCO2020\" style=\"\" srcset=\"https:\/\/i0.wp.com\/colombia.wordcamp.org\/2020\/files\/2020\/09\/Agenda-Personalizada-WCCO-2020.png?w=856&amp;ssl=1 856w, https:\/\/i0.wp.com\/colombia.wordcamp.org\/2020\/files\/2020\/09\/Agenda-Personalizada-WCCO-2020.png?resize=300%2C200&amp;ssl=1 300w, https:\/\/i0.wp.com\/colombia.wordcamp.org\/2020\/files\/2020\/09\/Agenda-Personalizada-WCCO-2020.png?resize=768%2C511&amp;ssl=1 768w, https:\/\/i0.wp.com\/colombia.wordcamp.org\/2020\/files\/2020\/09\/Agenda-Personalizada-WCCO-2020.png?resize=451%2C300&amp;ssl=1 451w\" sizes=\"auto, (max-width: 640px) 100vw, 640px\" \/><\/div><a class=\"wp-block-latest-posts__post-title\" href=\"https:\/\/colombia.wordcamp.org\/2020\/planea-tu-ruta-de-viaje-galactica-y-crea-tu-agenda-de-charlas-personalizada\/\">Planea tu ruta de viaje gal\u00e1ctica y crea tu agenda de charlas personalizada<\/a><div class=\"wp-block-latest-posts__post-excerpt\">En este WCCO 2020 pensamos en ti. Sabemos que hay tantas charlas buenas que a la final, no sabes a cu\u00e1l de todas asistir. La buena noticia es que nuestra sistema tiene una herramienta muy pr\u00e1ctica, que &hellip; <a href=\"https:\/\/colombia.wordcamp.org\/2020\/planea-tu-ruta-de-viaje-galactica-y-crea-tu-agenda-de-charlas-personalizada\/\" class=\"more-link\">Sigue leyendo<span class=\"screen-reader-text\"> \u00abPlanea tu ruta de viaje gal\u00e1ctica y crea tu agenda de charlas personalizada\u00bb<\/span><\/a><\/div><\/li>\n<li><div class=\"wp-block-latest-posts__featured-image\"><img loading=\"lazy\" decoding=\"async\" width=\"640\" height=\"360\" src=\"https:\/\/i0.wp.com\/colombia.wordcamp.org\/2020\/files\/2020\/09\/Panel.jpg?fit=640%2C360&amp;ssl=1\" class=\"attachment-large size-large wp-post-image\" alt=\"\" style=\"\" srcset=\"https:\/\/i0.wp.com\/colombia.wordcamp.org\/2020\/files\/2020\/09\/Panel.jpg?w=1280&amp;ssl=1 1280w, https:\/\/i0.wp.com\/colombia.wordcamp.org\/2020\/files\/2020\/09\/Panel.jpg?resize=300%2C169&amp;ssl=1 300w, https:\/\/i0.wp.com\/colombia.wordcamp.org\/2020\/files\/2020\/09\/Panel.jpg?resize=1024%2C576&amp;ssl=1 1024w, https:\/\/i0.wp.com\/colombia.wordcamp.org\/2020\/files\/2020\/09\/Panel.jpg?resize=768%2C432&amp;ssl=1 768w, https:\/\/i0.wp.com\/colombia.wordcamp.org\/2020\/files\/2020\/09\/Panel.jpg?resize=500%2C281&amp;ssl=1 500w\" sizes=\"auto, (max-width: 640px) 100vw, 640px\" \/><\/div><a class=\"wp-block-latest-posts__post-title\" href=\"https:\/\/colombia.wordcamp.org\/2020\/viernes-4-a-las-6-pm-charlas-pre-wordcamp\/\">Viernes 4, a las 6 pm &#8211; Charlas Pre WordCamp<\/a><div class=\"wp-block-latest-posts__post-excerpt\">Tanqueando la nave: SoftSkills la fuerza para ejecutar. \u00a1Hola WordPressero! Casi con todo listo para el viaje que har\u00e1s con nosotros. As\u00ed que \u00a1es hora de poner un poco de gasolina y empezar a prender motores! Ten\u00edamos &hellip; <a href=\"https:\/\/colombia.wordcamp.org\/2020\/viernes-4-a-las-6-pm-charlas-pre-wordcamp\/\" class=\"more-link\">Sigue leyendo<span class=\"screen-reader-text\"> \u00abViernes 4, a las 6 pm &#8211; Charlas Pre WordCamp\u00bb<\/span><\/a><\/div><\/li>\n<li><div class=\"wp-block-latest-posts__featured-image\"><img loading=\"lazy\" decoding=\"async\" width=\"640\" height=\"427\" src=\"https:\/\/i0.wp.com\/colombia.wordcamp.org\/2020\/files\/2020\/07\/Como-Asitir.jpg?fit=640%2C427&amp;ssl=1\" class=\"attachment-large size-large wp-post-image\" alt=\"\" style=\"\" srcset=\"https:\/\/i0.wp.com\/colombia.wordcamp.org\/2020\/files\/2020\/07\/Como-Asitir.jpg?w=960&amp;ssl=1 960w, https:\/\/i0.wp.com\/colombia.wordcamp.org\/2020\/files\/2020\/07\/Como-Asitir.jpg?resize=300%2C200&amp;ssl=1 300w, https:\/\/i0.wp.com\/colombia.wordcamp.org\/2020\/files\/2020\/07\/Como-Asitir.jpg?resize=768%2C512&amp;ssl=1 768w, https:\/\/i0.wp.com\/colombia.wordcamp.org\/2020\/files\/2020\/07\/Como-Asitir.jpg?resize=450%2C300&amp;ssl=1 450w\" sizes=\"auto, (max-width: 640px) 100vw, 640px\" \/><\/div><a class=\"wp-block-latest-posts__post-title\" href=\"https:\/\/colombia.wordcamp.org\/2020\/como-asistir-al-wcco\/\">C\u00f3mo asistir al WCCO<\/a><div class=\"wp-block-latest-posts__post-excerpt\">Para empezar, aqu\u00ed tienes alguna informaci\u00f3n \u00fatil para orientarte en el pr\u00f3ximo WCCO 2020 Versi\u00f3n Online Estar\u00e1n habilitadas&nbsp;dos salas virtuales transmitiendo en vivo de manera simult\u00e1nea. Cada sala ofrecer\u00e1 una programaci\u00f3n diferente. Podr\u00e1s seguir en directo a &hellip; <a href=\"https:\/\/colombia.wordcamp.org\/2020\/como-asistir-al-wcco\/\" class=\"more-link\">Sigue leyendo<span class=\"screen-reader-text\"> \u00abC\u00f3mo asistir al WCCO\u00bb<\/span><\/a><\/div><\/li>\n<li><div class=\"wp-block-latest-posts__featured-image\"><img loading=\"lazy\" decoding=\"async\" width=\"640\" height=\"427\" src=\"https:\/\/i0.wp.com\/colombia.wordcamp.org\/2020\/files\/2020\/07\/patrocinadores.jpg?fit=640%2C427&amp;ssl=1\" class=\"attachment-large size-large wp-post-image\" alt=\"\" style=\"\" srcset=\"https:\/\/i0.wp.com\/colombia.wordcamp.org\/2020\/files\/2020\/07\/patrocinadores.jpg?w=1080&amp;ssl=1 1080w, https:\/\/i0.wp.com\/colombia.wordcamp.org\/2020\/files\/2020\/07\/patrocinadores.jpg?resize=300%2C200&amp;ssl=1 300w, https:\/\/i0.wp.com\/colombia.wordcamp.org\/2020\/files\/2020\/07\/patrocinadores.jpg?resize=1024%2C683&amp;ssl=1 1024w, https:\/\/i0.wp.com\/colombia.wordcamp.org\/2020\/files\/2020\/07\/patrocinadores.jpg?resize=768%2C512&amp;ssl=1 768w, https:\/\/i0.wp.com\/colombia.wordcamp.org\/2020\/files\/2020\/07\/patrocinadores.jpg?resize=450%2C300&amp;ssl=1 450w\" sizes=\"auto, (max-width: 640px) 100vw, 640px\" \/><\/div><a class=\"wp-block-latest-posts__post-title\" href=\"https:\/\/colombia.wordcamp.org\/2020\/llamado-de-patrocinadores\/\">Convi\u00e9rtete en patrocinador<\/a><div class=\"wp-block-latest-posts__post-excerpt\">Tu negocio puede propulsar el WordCamp Colombia 2020 y ser parte de lo m\u00e1s recordado de esta experiencia. Gracias a la uni\u00f3n de las comunidades de WordPress Colombia podr\u00e1s llegar a un p\u00fablico de m\u00e1s de 5.000 &hellip; <a href=\"https:\/\/colombia.wordcamp.org\/2020\/llamado-de-patrocinadores\/\" class=\"more-link\">Sigue leyendo<span class=\"screen-reader-text\"> \u00abConvi\u00e9rtete en patrocinador\u00bb<\/span><\/a><\/div><\/li>\n<li><div class=\"wp-block-latest-posts__featured-image\"><img loading=\"lazy\" decoding=\"async\" width=\"640\" height=\"427\" src=\"https:\/\/i0.wp.com\/colombia.wordcamp.org\/2020\/files\/2020\/07\/speakers.jpg?fit=640%2C427&amp;ssl=1\" class=\"attachment-large size-large wp-post-image\" alt=\"\" style=\"\" srcset=\"https:\/\/i0.wp.com\/colombia.wordcamp.org\/2020\/files\/2020\/07\/speakers.jpg?w=1080&amp;ssl=1 1080w, https:\/\/i0.wp.com\/colombia.wordcamp.org\/2020\/files\/2020\/07\/speakers.jpg?resize=300%2C200&amp;ssl=1 300w, https:\/\/i0.wp.com\/colombia.wordcamp.org\/2020\/files\/2020\/07\/speakers.jpg?resize=1024%2C683&amp;ssl=1 1024w, https:\/\/i0.wp.com\/colombia.wordcamp.org\/2020\/files\/2020\/07\/speakers.jpg?resize=768%2C512&amp;ssl=1 768w, https:\/\/i0.wp.com\/colombia.wordcamp.org\/2020\/files\/2020\/07\/speakers.jpg?resize=450%2C300&amp;ssl=1 450w\" sizes=\"auto, (max-width: 640px) 100vw, 640px\" \/><\/div><a class=\"wp-block-latest-posts__post-title\" href=\"https:\/\/colombia.wordcamp.org\/2020\/llamado-a-ponentes\/\">\u00bfC\u00f3mo participar como ponente?<\/a><div class=\"wp-block-latest-posts__post-excerpt\">Las solicitudes para ser ponente est\u00e1n cerradas Una WordCamp es como un buen viaje: te permite descubrir posibilidades, alternativas y nuevas formas de conectarte con una comunidad. Post\u00falate como ponente a la WordCamp Colombia 2020 y colabora &hellip; <a href=\"https:\/\/colombia.wordcamp.org\/2020\/llamado-a-ponentes\/\" class=\"more-link\">Sigue leyendo<span class=\"screen-reader-text\"> \u00ab\u00bfC\u00f3mo participar como ponente?\u00bb<\/span><\/a><\/div><\/li>\n<li><div class=\"wp-block-latest-posts__featured-image\"><img loading=\"lazy\" decoding=\"async\" width=\"640\" height=\"426\" src=\"https:\/\/i0.wp.com\/colombia.wordcamp.org\/2020\/files\/2020\/07\/bienvenido.jpg?fit=640%2C426&amp;ssl=1\" class=\"attachment-large size-large wp-post-image\" alt=\"\" style=\"\" srcset=\"https:\/\/i0.wp.com\/colombia.wordcamp.org\/2020\/files\/2020\/07\/bienvenido.jpg?w=960&amp;ssl=1 960w, https:\/\/i0.wp.com\/colombia.wordcamp.org\/2020\/files\/2020\/07\/bienvenido.jpg?resize=300%2C200&amp;ssl=1 300w, https:\/\/i0.wp.com\/colombia.wordcamp.org\/2020\/files\/2020\/07\/bienvenido.jpg?resize=768%2C511&amp;ssl=1 768w, https:\/\/i0.wp.com\/colombia.wordcamp.org\/2020\/files\/2020\/07\/bienvenido.jpg?resize=451%2C300&amp;ssl=1 451w\" sizes=\"auto, (max-width: 640px) 100vw, 640px\" \/><\/div><a class=\"wp-block-latest-posts__post-title\" href=\"https:\/\/colombia.wordcamp.org\/2020\/bienvenidos-al-wordcamp-colombia-2020-version-online\/\">Bienvenidos al WordCamp Colombia 2020 Versi\u00f3n Online<\/a><div class=\"wp-block-latest-posts__post-excerpt\">Septiembre 10, 11 y 12. Este a\u00f1o podr\u00e1s ser parte y tomar acci\u00f3n desde donde est\u00e9s As\u00ed es, este 2020 tenemos la oportunidad de asistir a nuestra Versi\u00f3n Online. Si ya has estado en un WordCamp, sabes &hellip; <a href=\"https:\/\/colombia.wordcamp.org\/2020\/bienvenidos-al-wordcamp-colombia-2020-version-online\/\" class=\"more-link\">Sigue leyendo<span class=\"screen-reader-text\"> \u00abBienvenidos al WordCamp Colombia 2020 Versi\u00f3n Online\u00bb<\/span><\/a><\/div><\/li>\n<\/ul>","protected":false},"excerpt":{"rendered":"<p>\u00daltimas Noticias<\/p>\n","protected":false},"author":14911570,"featured_media":0,"parent":0,"menu_order":0,"comment_status":"closed","ping_status":"closed","template":"","meta":{"jetpack_post_was_ever_published":false,"footnotes":""},"class_list":["post-391","page","type-page","status-publish","hentry"],"jetpack_shortlink":"https:\/\/wp.me\/Pc0yFd-6j","jetpack_sharing_enabled":true,"jetpack_likes_enabled":true,"_links":{"self":[{"href":"https:\/\/colombia.wordcamp.org\/2020\/wp-json\/wp\/v2\/pages\/391","targetHints":{"allow":["GET"]}}],"collection":[{"href":"https:\/\/colombia.wordcamp.org\/2020\/wp-json\/wp\/v2\/pages"}],"about":[{"href":"https:\/\/colombia.wordcamp.org\/2020\/wp-json\/wp\/v2\/types\/page"}],"author":[{"embeddable":true,"href":"https:\/\/colombia.wordcamp.org\/2020\/wp-json\/wp\/v2\/users\/14911570"}],"replies":[{"embeddable":true,"href":"https:\/\/colombia.wordcamp.org\/2020\/wp-json\/wp\/v2\/comments?post=391"}],"version-history":[{"count":10,"href":"https:\/\/colombia.wordcamp.org\/2020\/wp-json\/wp\/v2\/pages\/391\/revisions"}],"predecessor-version":[{"id":3389,"href":"https:\/\/colombia.wordcamp.org\/2020\/wp-json\/wp\/v2\/pages\/391\/revisions\/3389"}],"wp:attachment":[{"href":"https:\/\/colombia.wordcamp.org\/2020\/wp-json\/wp\/v2\/media?parent=391"}],"curies":[{"name":"wp","href":"https:\/\/api.w.org\/{rel}","templated":true}]}}