{"id":19,"date":"2020-05-15T15:56:13","date_gmt":"2020-05-15T15:56:13","guid":{"rendered":"https:\/\/2020.colombia.wordcamp.org\/code-of-conduct\/"},"modified":"2020-07-31T18:47:06","modified_gmt":"2020-07-31T23:47:06","slug":"codigo-de-conducta","status":"publish","type":"page","link":"https:\/\/colombia.wordcamp.org\/2020\/codigo-de-conducta\/","title":{"rendered":"C\u00f3digo de Conducta"},"content":{"rendered":"\n<h2 class=\"wp-block-heading\">Prop\u00f3sito<\/h2>\n\n\n\n<p class=\"wp-block-paragraph\"><span style=\"vertical-align: inherit\"><span style=\"vertical-align: inherit\"><span style=\"vertical-align: inherit\"><span style=\"vertical-align: inherit\">WordCamp Colombia Online cree en una comunidad abierta a todo el mundo. Como tal, estamos comprometidos a proporcionar un ambiente amigable, seguro y acogedor para todos independientemente de su orientaci\u00f3n sexual, discapacidad, etnia, religi\u00f3n, sistema operativo preferido, lenguaje de programaci\u00f3n o editor de texto.<\/span><\/span><\/span><\/span><\/p>\n\n\n\n<p class=\"wp-block-paragraph\"><span style=\"vertical-align: inherit\"><span style=\"vertical-align: inherit\"><span style=\"vertical-align: inherit\"><span style=\"vertical-align: inherit\">Este c\u00f3digo de conducta resume nuestras expectativas para el comportamiento de los participantes, as\u00ed como las consecuencias para el comportamiento inaceptable.<\/span><\/span><\/span><\/span><\/p>\n\n\n\n<p class=\"wp-block-paragraph\"><span style=\"vertical-align: inherit\"><span style=\"vertical-align: inherit\"><span style=\"vertical-align: inherit\"><span style=\"vertical-align: inherit\">Instamos a todos los patrocinadores, voluntarios, ponentes, asistentes y otros participantes a que ayuden a tener una experiencia de evento segura y agradable para todos.<\/span><\/span><\/span><\/span><\/p>\n\n\n\n<h2 class=\"wp-block-heading\"><span style=\"vertical-align: inherit\"><span style=\"vertical-align: inherit\"><span style=\"vertical-align: inherit\"><span style=\"vertical-align: inherit\">Comportamiento esperado<\/span><\/span><\/span><\/span><\/h2>\n\n\n\n<ul class=\"wp-block-list\"><li><span style=\"vertical-align: inherit\"><span style=\"vertical-align: inherit\"><span style=\"vertical-align: inherit\"><span style=\"vertical-align: inherit\">Ser considerado, respetuoso y colaborativo.<\/span><\/span><\/span><\/span><\/li><li><span style=\"vertical-align: inherit\"><span style=\"vertical-align: inherit\"><span style=\"vertical-align: inherit\"><span style=\"vertical-align: inherit\">Abstenerse de comportamiento degradante, discriminatorio o de acoso.<\/span><\/span><\/span><\/span><\/li><li><span style=\"vertical-align: inherit\"><span style=\"vertical-align: inherit\">Ser consciente del entorno y de tus compa\u00f1eros participantes. Alerta a los organizadores si observas una situaci\u00f3n peligrosa o alguien en apuros.<\/span><\/span><\/li><li><span style=\"vertical-align: inherit\"><span style=\"vertical-align: inherit\">Participa de una manera aut\u00e9ntica y activa. Al hacerlo, est\u00e1s ayudando a que <em>WordCamp Colombia Online<\/em> sea una realidad. <\/span><\/span><\/li><\/ul>\n\n\n\n<h2 class=\"wp-block-heading\">Comportamiento inaceptable<\/h2>\n\n\n\n<p class=\"wp-block-paragraph\"><span style=\"vertical-align: inherit\"><span style=\"vertical-align: inherit\">Como comportamientos inaceptables se incluyen:<\/span><\/span><\/p>\n\n\n\n<ul class=\"wp-block-list\"><li><span style=\"vertical-align: inherit\"><span style=\"vertical-align: inherit\">Intimidaci\u00f3n<\/span><\/span>.<\/li><li><span style=\"vertical-align: inherit\"><span style=\"vertical-align: inherit\">Acoso<\/span><\/span>.<\/li><li><span style=\"vertical-align: inherit\"><span style=\"vertical-align: inherit\">Abuso<\/span><\/span>.<\/li><li><span style=\"vertical-align: inherit\"><span style=\"vertical-align: inherit\">Conducta discriminatoria<\/span><\/span>.<\/li><li><span style=\"vertical-align: inherit\"><span style=\"vertical-align: inherit\">Tratamiento despectivo o degradante<\/span><\/span>.<\/li><\/ul>\n\n\n\n<p class=\"wp-block-paragraph\"><span style=\"vertical-align: inherit\"><span style=\"vertical-align: inherit\">Por parte de cualquier asistente, incluso virtual, de <em>WordCamp Colombia Online<\/em> y eventos relacionados.<\/span><\/span><\/p>\n\n\n\n<h3 class=\"wp-block-heading\">El acoso incluye:<\/h3>\n\n\n\n<ul class=\"wp-block-list\"><li><span style=\"vertical-align: inherit\"><span style=\"vertical-align: inherit\">Comentarios verbales ofensivos relacionados con el g\u00e9nero, la orientaci\u00f3n sexual, la raza, la religi\u00f3n y\/o la discapacidad.<\/span><\/span><\/li><li><span style=\"vertical-align: inherit\"><span style=\"vertical-align: inherit\">Uso inadecuado de desnudez y\/o im\u00e1genes sexuales en cualquier entorno p\u00fablico (incluyendo diapositivas de una presentaci\u00f3n).<\/span><\/span><\/li><li>Intimidaci\u00f3n deliberada.<\/li><li>Acecho o acoso con fotograf\u00eda o grabaci\u00f3n.<\/li><li>Interrupci\u00f3n sostenida de charlas y otros eventos.<\/li><li>Contactos inapropiados.<\/li><li>Atenci\u00f3n sexual no deseada.<\/li><\/ul>\n\n\n\n<p class=\"wp-block-paragraph\">Al ser un evento online,&nbsp;<em>WordCamp Colombia Online<\/em>&nbsp;es un entorno p\u00fablico y puede ser compartido con otros visitantes. Por favor:<\/p>\n\n\n\n<blockquote class=\"wp-block-quote is-layout-flow wp-block-quote-is-layout-flow\"><p><em>S\u00e9 respetuoso con todos los visitantes de este entorno virtual<\/em>.<\/p><\/blockquote>\n\n\n\n<h2 class=\"wp-block-heading\">Consecuencias de un comportamiento inaceptable<\/h2>\n\n\n\n<p class=\"wp-block-paragraph\">El comportamiento inaceptable no ser\u00e1 tolerado. Ya sea por parte de los asistentes, organizadores, patrocinadores u otros participantes en el <em>WordCamp <em>Colombia<\/em><\/em> <em>Online<\/em><strong>.<\/strong><\/p>\n\n\n\n<p class=\"wp-block-paragraph\">Se espera que cualquiera cumpla inmediatamente en caso de que se le llame la atenci\u00f3n por un comportamiento inaceptable.<\/p>\n\n\n\n<p class=\"wp-block-paragraph\">Si un participante se involucra en una conducta inaceptable, los organizadores del evento pueden tomar cualquier acci\u00f3n que consideren apropiada, incluso la expulsi\u00f3n del evento sin previo aviso o reembolso si fuera necesario.<\/p>\n\n\n\n<h2 class=\"wp-block-heading\">Qu\u00e9 hacer si eres testigo u objeto de un comportamiento inaceptable<\/h2>\n\n\n\n<p class=\"wp-block-paragraph\">Si est\u00e1s involucrado en un comportamiento inaceptable, eres testigo de otra persona con dicho comportamiento o tienes otras preocupaciones, por favor notif\u00edcalo a un organizador del evento tan pronto como sea posible.<\/p>\n\n\n\n<p class=\"wp-block-paragraph\">El equipo de&nbsp;<em>WordCamp <em>Colombia<\/em><\/em> <em>Online<\/em> estar\u00e1 disponible para ofrecer cualquier tipo de ayuda a aquellos que experimentan un comportamiento inaceptable.<\/p>\n\n\n\n<h3 class=\"wp-block-heading\">Informaci\u00f3n de contacto<\/h3>\n\n\n\n<p class=\"wp-block-paragraph\">Cualquier voluntario o asistente puede ponerse en contacto con la organizaci\u00f3n desde <a href=\"https:\/\/2020.colombia.wordcamp.org\/contacto\/\">nuestra p\u00e1gina de contacto<\/a>.<\/p>\n\n\n\n<h2 class=\"wp-block-heading\">Ciudadan\u00eda Open Source<\/h2>\n\n\n\n<p class=\"wp-block-paragraph\">Un objetivo adicional de este c\u00f3digo de conducta es\u00a0<strong>ampliar la ciudadan\u00eda de c\u00f3digo abierto<\/strong>\u00a0alentando a los participantes a reconocer y fortalecer las relaciones entre lo que hacemos y\u00a0la comunidad\u00a0en general.<\/p>\n\n\n\n<p class=\"wp-block-paragraph\">Con este objetivo, los organizadores de&nbsp;<em>WordCamp <em><em>Colombia<\/em><\/em><\/em> <em>Online<\/em> recoger\u00e1n candidaturas de personas ejemplares a lo largo de todo el evento y reconocer\u00e1n a selectos participantes despu\u00e9s de la conferencia en la web.<\/p>\n\n\n\n<p class=\"wp-block-paragraph\">Si ves a alguien que est\u00e1 haciendo un esfuerzo extra para asegurar que nuestra comunidad resulte acogedora, amable, y que anime a todos los participantes a contribuir en la mayor medida posible, lo queremos saber.<\/p>\n\n\n\n<p class=\"wp-block-paragraph\">Puedes nominar a alguien en la mesa de registro o dici\u00e9ndolo a alg\u00fan miembro de la organizaci\u00f3n.<\/p>\n\n\n\n<h2 class=\"wp-block-heading\">\u00c1mbito de aplicaci\u00f3n<\/h2>\n\n\n\n<p class=\"wp-block-paragraph\">Esperamos que todos los participantes del evento (patrocinadores, voluntarios, ponentes, asistentes y otros invitados) cumplan con el c\u00f3digo de conducta en todas las salas virtuales y eventos relacionados con <em>WordCamp <em><em>Colombia<\/em><\/em><\/em> <em>Online<\/em>.<\/p>\n\n\n\n<h3 class=\"wp-block-heading\">Licencia y atribuci\u00f3n<\/h3>\n\n\n\n<p class=\"wp-block-paragraph\">Este c\u00f3digo de conducta es una copia directa del impresionante trabajo del <a href=\"http:\/\/opensourcebridge.org\/about\/code-of-conduct\/\" target=\"_blank\" rel=\"noreferrer noopener\"><span style=\"vertical-align: inherit\"><span style=\"vertical-align: inherit\"><span style=\"vertical-align: inherit\"><span style=\"vertical-align: inherit\">Open Source Bridge<\/span><\/span><\/span><\/span><\/a><span style=\"vertical-align: inherit\"><span style=\"vertical-align: inherit\"><span style=\"vertical-align: inherit\"><span style=\"vertical-align: inherit\"> , adaptado con la informaci\u00f3n de nuestra evento, y est\u00e1 liberado bajo una <\/span><\/span><\/span><\/span><a href=\"https:\/\/creativecommons.org\/licenses\/by-sa\/3.0\/\" target=\"_blank\" rel=\"noreferrer noopener\"><span style=\"vertical-align: inherit\"><span style=\"vertical-align: inherit\"><span style=\"vertical-align: inherit\"><span style=\"vertical-align: inherit\">Licencia Creative Commons Attribution-ShareAlike<\/span><\/span><\/span><\/span><\/a><span style=\"vertical-align: inherit\"><span style=\"vertical-align: inherit\"><span style=\"vertical-align: inherit\"><span style=\"vertical-align: inherit\"> .<\/span><\/span><\/span><\/span><\/p>\n\n\n\n<h3 class=\"wp-block-heading\">&nbsp;<\/h3>\n","protected":false},"excerpt":{"rendered":"<p>Prop\u00f3sito WordCamp Colombia Online cree en una comunidad abierta a todo el mundo. Como tal, estamos comprometidos a proporcionar un ambiente amigable, seguro y acogedor para todos independientemente de su orientaci\u00f3n sexual, discapacidad, etnia, religi\u00f3n, sistema operativo preferido, lenguaje de programaci\u00f3n o editor de texto. Este c\u00f3digo de conducta resume nuestras expectativas para el comportamiento &hellip; <a href=\"https:\/\/colombia.wordcamp.org\/2020\/codigo-de-conducta\/\" class=\"more-link\">Sigue leyendo<span class=\"screen-reader-text\"> \u00abC\u00f3digo de Conducta\u00bb<\/span><\/a><\/p>\n","protected":false},"author":15360264,"featured_media":0,"parent":0,"menu_order":0,"comment_status":"closed","ping_status":"closed","template":"","meta":{"_crdt_document":"","jetpack_post_was_ever_published":false,"footnotes":""},"class_list":["post-19","page","type-page","status-publish","hentry"],"jetpack_shortlink":"https:\/\/wp.me\/Pc0yFd-j","jetpack_sharing_enabled":true,"jetpack_likes_enabled":true,"_links":{"self":[{"href":"https:\/\/colombia.wordcamp.org\/2020\/wp-json\/wp\/v2\/pages\/19","targetHints":{"allow":["GET"]}}],"collection":[{"href":"https:\/\/colombia.wordcamp.org\/2020\/wp-json\/wp\/v2\/pages"}],"about":[{"href":"https:\/\/colombia.wordcamp.org\/2020\/wp-json\/wp\/v2\/types\/page"}],"author":[{"embeddable":true,"href":"https:\/\/colombia.wordcamp.org\/2020\/wp-json\/wp\/v2\/users\/15360264"}],"replies":[{"embeddable":true,"href":"https:\/\/colombia.wordcamp.org\/2020\/wp-json\/wp\/v2\/comments?post=19"}],"version-history":[{"count":20,"href":"https:\/\/colombia.wordcamp.org\/2020\/wp-json\/wp\/v2\/pages\/19\/revisions"}],"predecessor-version":[{"id":1062,"href":"https:\/\/colombia.wordcamp.org\/2020\/wp-json\/wp\/v2\/pages\/19\/revisions\/1062"}],"wp:attachment":[{"href":"https:\/\/colombia.wordcamp.org\/2020\/wp-json\/wp\/v2\/media?parent=19"}],"curies":[{"name":"wp","href":"https:\/\/api.w.org\/{rel}","templated":true}]}}